{"id":93,"date":"2025-12-16T18:37:02","date_gmt":"2025-12-16T18:37:02","guid":{"rendered":"https:\/\/cz.debitoecredito.com\/?page_id=93"},"modified":"2025-12-16T18:37:03","modified_gmt":"2025-12-16T18:37:03","slug":"home","status":"publish","type":"page","link":"https:\/\/cz.debitoecredito.com\/","title":{"rendered":"Home"},"content":{"rendered":"\t<style>\n\t  .bh2-home{\n\t\t--bh2-primary:   var(--wp--preset--color--primary,\n\t\t\t\t\t\t  var(--ast-global-color-0,\n\t\t\t\t\t\t  var(--paletteColor1,\n\t\t\t\t\t\t  var(--global-palette1,\n\t\t\t\t\t\t  var(--nv-primary-accent,\n\t\t\t\t\t\t  var(--bs-primary,\n\t\t\t\t\t\t  var(--primary-color,\n\t\t\t\t\t\t  var(--e-global-color-primary,\n\t\t\t\t\t\t  #e60000))))))));\n\t\t--bh2-secondary: var(--wp--preset--color--secondary,\n\t\t\t\t\t\t  var(--ast-global-color-1,\n\t\t\t\t\t\t  var(--paletteColor2,\n\t\t\t\t\t\t  var(--global-palette2,\n\t\t\t\t\t\t  var(--nv-secondary-accent,\n\t\t\t\t\t\t  var(--bs-secondary,\n\t\t\t\t\t\t  var(--secondary-color,\n\t\t\t\t\t\t  var(--e-global-color-secondary,\n\t\t\t\t\t\t  #fbd1d1))))))));\n\t\t--bh2-sec-text:  #000000;\n\t\t--bh2-text:      #0f172a;\n\t\t--bh2-meta:      #64748b;\n\t\t--bh2-card:      #ffffff;\n\t\t--bh2-border:    #e5e7eb;\n\n\t\tmax-width:1200px;\n\t\tmargin:0 auto;\n\t\tpadding:24px 20px 40px;\n\t\tfont-family:-apple-system,BlinkMacSystemFont,\"Segoe UI\",Roboto,Helvetica,Arial,sans-serif;\n\t\tcolor:var(--bh2-text);\n\t  }\n\n\t  .bh2-link{color:inherit;text-decoration:none;}\n\t  .bh2-link:hover .bh2-title-main,\n\t  .bh2-link:hover .bh2-card-title{color:var(--bh2-primary);}\n\t  .bh2-meta{color:var(--bh2-meta);font-size:.88rem;}\n\n\t  .bh2-section-header{\n\t\tdisplay:flex;\n\t\talign-items:center;\n\t\tjustify-content:flex-start;\n\t\tgap:12px;\n\t\tmargin:32px 0 18px;\n\t  }\n\t  .bh2-section-title{\n\t\tfont-weight:800;\n\t\tfont-size:1.4rem;\n\t\tborder-left:4px solid var(--bh2-primary);\n\t\tpadding-left:10px;\n\t\tmargin:0;\n\t  }\n\n\t  \/* HERO *\/\n\t  .bh2-hero{\n\t\tdisplay:grid;\n\t\tgrid-template-columns:2fr 1.2fr;\n\t\tgap:24px;\n\t\tmargin-bottom:16px;\n\t  }\n\t  .bh2-hero-main,\n\t  .bh2-hero-side-card{\n\t\tborder-radius:4px; \/* m\u00ednimo *\/\n\t\tbackground:var(--bh2-card);\n\t\tborder:1px solid var(--bh2-border);\n\t\toverflow:hidden;\n\t\tdisplay:flex;\n\t\tflex-direction:column;\n\t  }\n\t  .bh2-hero-main-img img,\n\t  .bh2-hero-side-img img{\n\t\twidth:100%;\n\t\theight:100%;\n\t\tobject-fit:cover;\n\t  }\n\t  .bh2-hero-main-img{aspect-ratio:16\/9;}\n\t  .bh2-hero-side-img{aspect-ratio:16\/9;}\n\t  .bh2-hero-main-body,\n\t  .bh2-hero-side-body{\n\t\tpadding:16px 18px 18px;\n\t  }\n\t  .bh2-cat-badge{\n\t\tdisplay:inline-block;\n\t\tbackground:var(--bh2-secondary);\n\t\tcolor:var(--bh2-sec-text);\n\t\tpadding:3px 8px;\n\t\tborder-radius:3px; \/* m\u00ednimo *\/\n\t\tfont-size:.72rem;\n\t\ttext-transform:uppercase;\n\t\tletter-spacing:.06em;\n\t\tmargin-bottom:8px;\n\t  }\n\t  .bh2-title-main{\n\t\tfont-size:1.6rem;\n\t\tline-height:1.3;\n\t\tmargin:4px 0 8px;\n\t\tfont-weight:800;\n\t  }\n\t  .bh2-hero-side-title{\n\t\tfont-size:1rem;\n\t\tline-height:1.35;\n\t\tmargin:4px 0 6px;\n\t\tfont-weight:700;\n\t  }\n\t  .bh2-hero-side-list{\n\t\tdisplay:grid;\n\t\tgap:16px;\n\t  }\n\n\t  \/* FEATURED *\/\n\t  .bh2-featured-grid{\n\t\tdisplay:grid;\n\t\tgrid-template-columns:repeat(auto-fit,minmax(260px,1fr));\n\t\tgap:20px;\n\t  }\n\t  .bh2-card{\n\t\tborder-radius:4px; \/* m\u00ednimo *\/\n\t\tbackground:var(--bh2-card);\n\t\tborder:1px solid var(--bh2-border);\n\t\toverflow:hidden;\n\t\tdisplay:flex;\n\t\tflex-direction:column;\n\t\ttransition:transform .2s,box-shadow .2s;\n\t  }\n\t  .bh2-card:hover{\n\t\ttransform:translateY(-3px);\n\t\tbox-shadow:0 10px 24px rgba(0,0,0,.08);\n\t  }\n\t  .bh2-card img{\n\t\twidth:100%;\n\t\theight:180px;\n\t\tobject-fit:cover;\n\t  }\n\t  .bh2-card-body{\n\t\tpadding:14px 16px 16px;\n\t  }\n\t  .bh2-card-title{\n\t\tfont-size:1.05rem;\n\t\tline-height:1.35;\n\t\tmargin:6px 0 6px;\n\t\tfont-weight:700;\n\t  }\n\n\t  \/* TOP STORIES *\/\n\t  .bh2-top-grid{\n\t\tdisplay:grid;\n\t\tgrid-template-columns:repeat(auto-fit,minmax(260px,1fr));\n\t\tgap:20px;\n\t  }\n\n\t  \/* PAGINA\u00c7\u00c3O *\/\n\t  .bh2-pagination{\n\t\tdisplay:flex;\n\t\tgap:10px;\n\t\tjustify-content:center;\n\t\talign-items:center;\n\t\tmargin:26px 0 10px;\n\t\tflex-wrap:wrap;\n\t  }\n\t  .bh2-pagination .page-numbers{\n\t\tdisplay:inline-flex;\n\t\tjustify-content:center;\n\t\talign-items:center;\n\t\twidth:36px;\n\t\theight:36px;\n\t\tborder-radius:50%; \/* mant\u00e9m circular *\/\n\t\tborder:2px solid var(--bh2-border);\n\t\ttext-decoration:none;\n\t\tfont-weight:600;\n\t\ttransition:all .2s;\n\t  }\n\t  .bh2-pagination a.page-numbers:hover{\n\t\tborder-color:var(--bh2-primary);\n\t\tcolor:var(--bh2-primary);\n\t  }\n\t  .bh2-pagination .page-numbers.current{\n\t\tbackground:var(--bh2-primary);\n\t\tcolor:#fff;\n\t\tborder-color:var(--bh2-primary);\n\t  }\n\n\t  @media (max-width:900px){\n\t\t.bh2-hero{\n\t\t  grid-template-columns:1fr;\n\t\t}\n\t  }\n\t<\/style>\n\n    <section class=\"bh2-home\">\n\n      <!-- HERO -->\n      <div class=\"bh2-hero\">\n        <!-- Hero principal -->\n        <div class=\"bh2-hero-main\">\n                                    <a href=\"https:\/\/cz.debitoecredito.com\/index.php\/2025\/08\/18\/lorem-ipsum-5\/\" class=\"bh2-link\">\n                <div class=\"bh2-hero-main-img\">\n                  <img decoding=\"async\" width=\"1020\" height=\"654\" src=\"https:\/\/cz.debitoecredito.com\/wp-content\/uploads\/2025\/08\/Captura-de-tela-2025-08-18-182210-1024x657.png\" class=\"attachment-large size-large wp-post-image\" alt=\"\" loading=\"lazy\" srcset=\"https:\/\/cz.debitoecredito.com\/wp-content\/uploads\/2025\/08\/Captura-de-tela-2025-08-18-182210-1024x657.png 1024w, https:\/\/cz.debitoecredito.com\/wp-content\/uploads\/2025\/08\/Captura-de-tela-2025-08-18-182210-300x193.png 300w, https:\/\/cz.debitoecredito.com\/wp-content\/uploads\/2025\/08\/Captura-de-tela-2025-08-18-182210-768x493.png 768w, https:\/\/cz.debitoecredito.com\/wp-content\/uploads\/2025\/08\/Captura-de-tela-2025-08-18-182210.png 1050w\" sizes=\"auto, (max-width: 1020px) 100vw, 1020px\" \/>                <\/div>\n                <div class=\"bh2-hero-main-body\">\n                  <span class=\"bh2-cat-badge\">Uncategorized<\/span>                  <h2 class=\"bh2-title-main\">Lorem Ipsum<\/h2>\n                  <div class=\"bh2-meta\">\n                    Od projetoadx21 \u2014 18 srpna, 2025                  <\/div>\n                <\/div>\n              <\/a>\n                              <\/div>\n\n        <!-- Hero lateral (2 posts) -->\n        <div class=\"bh2-hero-side\">\n          <div class=\"bh2-hero-side-list\">\n                                          <article class=\"bh2-hero-side-card\">\n                  <a href=\"https:\/\/cz.debitoecredito.com\/index.php\/2025\/08\/18\/lorem-ipsum-4\/\" class=\"bh2-link\">\n                    <div class=\"bh2-hero-side-img\">\n                      <img decoding=\"async\" width=\"768\" height=\"465\" src=\"https:\/\/cz.debitoecredito.com\/wp-content\/uploads\/2025\/08\/Captura-de-tela-2025-08-18-182256-768x465.png\" class=\"attachment-medium_large size-medium_large wp-post-image\" alt=\"\" loading=\"lazy\" srcset=\"https:\/\/cz.debitoecredito.com\/wp-content\/uploads\/2025\/08\/Captura-de-tela-2025-08-18-182256-768x465.png 768w, https:\/\/cz.debitoecredito.com\/wp-content\/uploads\/2025\/08\/Captura-de-tela-2025-08-18-182256-300x182.png 300w, https:\/\/cz.debitoecredito.com\/wp-content\/uploads\/2025\/08\/Captura-de-tela-2025-08-18-182256-1024x620.png 1024w, https:\/\/cz.debitoecredito.com\/wp-content\/uploads\/2025\/08\/Captura-de-tela-2025-08-18-182256.png 1037w\" sizes=\"auto, (max-width: 768px) 100vw, 768px\" \/>                    <\/div>\n                    <div class=\"bh2-hero-side-body\">\n                      <span class=\"bh2-cat-badge\">Uncategorized<\/span>                      <h3 class=\"bh2-hero-side-title\">Lorem Ipsum<\/h3>\n                      <div class=\"bh2-meta\">\n                        18 srpna, 2025                      <\/div>\n                    <\/div>\n                  <\/a>\n                <\/article>\n                              <article class=\"bh2-hero-side-card\">\n                  <a href=\"https:\/\/cz.debitoecredito.com\/index.php\/2025\/08\/18\/lorem-ipsum-3\/\" class=\"bh2-link\">\n                    <div class=\"bh2-hero-side-img\">\n                      <img decoding=\"async\" width=\"768\" height=\"453\" src=\"https:\/\/cz.debitoecredito.com\/wp-content\/uploads\/2025\/08\/Captura-de-tela-2025-08-18-182424-768x453.png\" class=\"attachment-medium_large size-medium_large wp-post-image\" alt=\"\" loading=\"lazy\" srcset=\"https:\/\/cz.debitoecredito.com\/wp-content\/uploads\/2025\/08\/Captura-de-tela-2025-08-18-182424-768x453.png 768w, https:\/\/cz.debitoecredito.com\/wp-content\/uploads\/2025\/08\/Captura-de-tela-2025-08-18-182424-300x177.png 300w, https:\/\/cz.debitoecredito.com\/wp-content\/uploads\/2025\/08\/Captura-de-tela-2025-08-18-182424-1024x603.png 1024w, https:\/\/cz.debitoecredito.com\/wp-content\/uploads\/2025\/08\/Captura-de-tela-2025-08-18-182424.png 1037w\" sizes=\"auto, (max-width: 768px) 100vw, 768px\" \/>                    <\/div>\n                    <div class=\"bh2-hero-side-body\">\n                      <span class=\"bh2-cat-badge\">Uncategorized<\/span>                      <h3 class=\"bh2-hero-side-title\">Lorem Ipsum<\/h3>\n                      <div class=\"bh2-meta\">\n                        18 srpna, 2025                      <\/div>\n                    <\/div>\n                  <\/a>\n                <\/article>\n                                    <\/div>\n        <\/div>\n      <\/div>\n\n      <!-- FEATURED POST (3) -->\n      <div class=\"bh2-section-header\">\n        <h2 class=\"bh2-section-title\">Doporu\u010den\u00e9<\/h2>\n      <\/div>\n\n      <div class=\"bh2-featured-grid\">\n                              <article class=\"bh2-card\">\n              <a href=\"https:\/\/cz.debitoecredito.com\/index.php\/2025\/08\/18\/lorem-ipsum-2\/\" class=\"bh2-link\">\n                <img decoding=\"async\" width=\"768\" height=\"439\" src=\"https:\/\/cz.debitoecredito.com\/wp-content\/uploads\/2025\/08\/Firefly_A-smiling-african-man-with-dark-hair-and-glasses-holding-a-laptop.-He-is-wearing-a-s-581562-1-768x439.jpg\" class=\"attachment-medium_large size-medium_large wp-post-image\" alt=\"\" loading=\"lazy\" srcset=\"https:\/\/cz.debitoecredito.com\/wp-content\/uploads\/2025\/08\/Firefly_A-smiling-african-man-with-dark-hair-and-glasses-holding-a-laptop.-He-is-wearing-a-s-581562-1-768x439.jpg 768w, https:\/\/cz.debitoecredito.com\/wp-content\/uploads\/2025\/08\/Firefly_A-smiling-african-man-with-dark-hair-and-glasses-holding-a-laptop.-He-is-wearing-a-s-581562-1-300x171.jpg 300w, https:\/\/cz.debitoecredito.com\/wp-content\/uploads\/2025\/08\/Firefly_A-smiling-african-man-with-dark-hair-and-glasses-holding-a-laptop.-He-is-wearing-a-s-581562-1-1024x585.jpg 1024w, https:\/\/cz.debitoecredito.com\/wp-content\/uploads\/2025\/08\/Firefly_A-smiling-african-man-with-dark-hair-and-glasses-holding-a-laptop.-He-is-wearing-a-s-581562-1-1536x878.jpg 1536w, https:\/\/cz.debitoecredito.com\/wp-content\/uploads\/2025\/08\/Firefly_A-smiling-african-man-with-dark-hair-and-glasses-holding-a-laptop.-He-is-wearing-a-s-581562-1-2048x1170.jpg 2048w\" sizes=\"auto, (max-width: 768px) 100vw, 768px\" \/>                <div class=\"bh2-card-body\">\n                  <span class=\"bh2-cat-badge\">Uncategorized<\/span>                  <h3 class=\"bh2-card-title\">Lorem Ipsum<\/h3>\n                  <div class=\"bh2-meta\">\n                    18 srpna, 2025                  <\/div>\n                <\/div>\n              <\/a>\n            <\/article>\n                      <article class=\"bh2-card\">\n              <a href=\"https:\/\/cz.debitoecredito.com\/index.php\/2025\/08\/18\/lorem-ipsum\/\" class=\"bh2-link\">\n                <img decoding=\"async\" width=\"768\" height=\"510\" src=\"https:\/\/cz.debitoecredito.com\/wp-content\/uploads\/2025\/08\/Captura-de-tela-2025-08-18-181817-1-768x510.png\" class=\"attachment-medium_large size-medium_large wp-post-image\" alt=\"\" loading=\"lazy\" srcset=\"https:\/\/cz.debitoecredito.com\/wp-content\/uploads\/2025\/08\/Captura-de-tela-2025-08-18-181817-1-768x510.png 768w, https:\/\/cz.debitoecredito.com\/wp-content\/uploads\/2025\/08\/Captura-de-tela-2025-08-18-181817-1-300x199.png 300w, https:\/\/cz.debitoecredito.com\/wp-content\/uploads\/2025\/08\/Captura-de-tela-2025-08-18-181817-1-1024x679.png 1024w, https:\/\/cz.debitoecredito.com\/wp-content\/uploads\/2025\/08\/Captura-de-tela-2025-08-18-181817-1.png 1043w\" sizes=\"auto, (max-width: 768px) 100vw, 768px\" \/>                <div class=\"bh2-card-body\">\n                  <span class=\"bh2-cat-badge\">Uncategorized<\/span>                  <h3 class=\"bh2-card-title\">Lorem Ipsum<\/h3>\n                  <div class=\"bh2-meta\">\n                    18 srpna, 2025                  <\/div>\n                <\/div>\n              <\/a>\n            <\/article>\n                        <\/div>\n\n      <!-- TOP STORIES (Mais Lidos) -->\n      <div class=\"bh2-section-header\">\n        <h2 class=\"bh2-section-title\">Nej\u010dten\u011bj\u0161\u00ed<\/h2>\n      <\/div>\n\n      <div class=\"bh2-top-grid\">\n              <\/div>\n\n      \n    <\/section>\n    \n","protected":false},"excerpt":{"rendered":"","protected":false},"author":5,"featured_media":0,"parent":0,"menu_order":0,"comment_status":"closed","ping_status":"closed","template":"","meta":{"footnotes":""},"class_list":["post-93","page","type-page","status-publish","hentry"],"yoast_head":"<!-- This site is optimized with the Yoast SEO plugin v27.3 - https:\/\/yoast.com\/product\/yoast-seo-wordpress\/ -->\n<title>Home - Cz Debito e Credito<\/title>\n<meta name=\"robots\" content=\"index, follow, max-snippet:-1, max-image-preview:large, max-video-preview:-1\" \/>\n<link rel=\"canonical\" href=\"https:\/\/cz.debitoecredito.com\/\" \/>\n<meta property=\"og:locale\" content=\"cs_CZ\" \/>\n<meta property=\"og:type\" content=\"article\" \/>\n<meta property=\"og:title\" content=\"Home - Cz Debito e Credito\" \/>\n<meta property=\"og:url\" content=\"https:\/\/cz.debitoecredito.com\/\" \/>\n<meta property=\"og:site_name\" content=\"Cz Debito e Credito\" \/>\n<meta property=\"article:modified_time\" content=\"2025-12-16T18:37:03+00:00\" \/>\n<meta name=\"twitter:card\" content=\"summary_large_image\" \/>\n<script type=\"application\/ld+json\" class=\"yoast-schema-graph\">{\"@context\":\"https:\\\/\\\/schema.org\",\"@graph\":[{\"@type\":\"WebPage\",\"@id\":\"https:\\\/\\\/cz.debitoecredito.com\\\/\",\"url\":\"https:\\\/\\\/cz.debitoecredito.com\\\/\",\"name\":\"Home - Cz Debito e Credito\",\"isPartOf\":{\"@id\":\"https:\\\/\\\/cz.debitoecredito.com\\\/#website\"},\"datePublished\":\"2025-12-16T18:37:02+00:00\",\"dateModified\":\"2025-12-16T18:37:03+00:00\",\"breadcrumb\":{\"@id\":\"https:\\\/\\\/cz.debitoecredito.com\\\/#breadcrumb\"},\"inLanguage\":\"cs\",\"potentialAction\":[{\"@type\":\"ReadAction\",\"target\":[\"https:\\\/\\\/cz.debitoecredito.com\\\/\"]}]},{\"@type\":\"BreadcrumbList\",\"@id\":\"https:\\\/\\\/cz.debitoecredito.com\\\/#breadcrumb\",\"itemListElement\":[{\"@type\":\"ListItem\",\"position\":1,\"name\":\"In\u00edcio\",\"item\":\"https:\\\/\\\/cz.debitoecredito.com\\\/\"},{\"@type\":\"ListItem\",\"position\":2,\"name\":\"Home\"}]},{\"@type\":\"WebSite\",\"@id\":\"https:\\\/\\\/cz.debitoecredito.com\\\/#website\",\"url\":\"https:\\\/\\\/cz.debitoecredito.com\\\/\",\"name\":\"Cz Debito e Credito\",\"description\":\"\",\"potentialAction\":[{\"@type\":\"SearchAction\",\"target\":{\"@type\":\"EntryPoint\",\"urlTemplate\":\"https:\\\/\\\/cz.debitoecredito.com\\\/?s={search_term_string}\"},\"query-input\":{\"@type\":\"PropertyValueSpecification\",\"valueRequired\":true,\"valueName\":\"search_term_string\"}}],\"inLanguage\":\"cs\"}]}<\/script>\n<!-- \/ Yoast SEO plugin. -->","yoast_head_json":{"title":"Home - Cz Debito e Credito","robots":{"index":"index","follow":"follow","max-snippet":"max-snippet:-1","max-image-preview":"max-image-preview:large","max-video-preview":"max-video-preview:-1"},"canonical":"https:\/\/cz.debitoecredito.com\/","og_locale":"cs_CZ","og_type":"article","og_title":"Home - Cz Debito e Credito","og_url":"https:\/\/cz.debitoecredito.com\/","og_site_name":"Cz Debito e Credito","article_modified_time":"2025-12-16T18:37:03+00:00","twitter_card":"summary_large_image","schema":{"@context":"https:\/\/schema.org","@graph":[{"@type":"WebPage","@id":"https:\/\/cz.debitoecredito.com\/","url":"https:\/\/cz.debitoecredito.com\/","name":"Home - Cz Debito e Credito","isPartOf":{"@id":"https:\/\/cz.debitoecredito.com\/#website"},"datePublished":"2025-12-16T18:37:02+00:00","dateModified":"2025-12-16T18:37:03+00:00","breadcrumb":{"@id":"https:\/\/cz.debitoecredito.com\/#breadcrumb"},"inLanguage":"cs","potentialAction":[{"@type":"ReadAction","target":["https:\/\/cz.debitoecredito.com\/"]}]},{"@type":"BreadcrumbList","@id":"https:\/\/cz.debitoecredito.com\/#breadcrumb","itemListElement":[{"@type":"ListItem","position":1,"name":"In\u00edcio","item":"https:\/\/cz.debitoecredito.com\/"},{"@type":"ListItem","position":2,"name":"Home"}]},{"@type":"WebSite","@id":"https:\/\/cz.debitoecredito.com\/#website","url":"https:\/\/cz.debitoecredito.com\/","name":"Cz Debito e Credito","description":"","potentialAction":[{"@type":"SearchAction","target":{"@type":"EntryPoint","urlTemplate":"https:\/\/cz.debitoecredito.com\/?s={search_term_string}"},"query-input":{"@type":"PropertyValueSpecification","valueRequired":true,"valueName":"search_term_string"}}],"inLanguage":"cs"}]}},"_links":{"self":[{"href":"https:\/\/cz.debitoecredito.com\/index.php\/wp-json\/wp\/v2\/pages\/93","targetHints":{"allow":["GET"]}}],"collection":[{"href":"https:\/\/cz.debitoecredito.com\/index.php\/wp-json\/wp\/v2\/pages"}],"about":[{"href":"https:\/\/cz.debitoecredito.com\/index.php\/wp-json\/wp\/v2\/types\/page"}],"author":[{"embeddable":true,"href":"https:\/\/cz.debitoecredito.com\/index.php\/wp-json\/wp\/v2\/users\/5"}],"replies":[{"embeddable":true,"href":"https:\/\/cz.debitoecredito.com\/index.php\/wp-json\/wp\/v2\/comments?post=93"}],"version-history":[{"count":1,"href":"https:\/\/cz.debitoecredito.com\/index.php\/wp-json\/wp\/v2\/pages\/93\/revisions"}],"predecessor-version":[{"id":95,"href":"https:\/\/cz.debitoecredito.com\/index.php\/wp-json\/wp\/v2\/pages\/93\/revisions\/95"}],"wp:attachment":[{"href":"https:\/\/cz.debitoecredito.com\/index.php\/wp-json\/wp\/v2\/media?parent=93"}],"curies":[{"name":"wp","href":"https:\/\/api.w.org\/{rel}","templated":true}]}}